{"id":36,"date":"2022-11-11T12:32:09","date_gmt":"2022-11-11T12:32:09","guid":{"rendered":"https:\/\/dynosort.fberg.tuke.sk\/?page_id=36"},"modified":"2022-11-11T13:46:26","modified_gmt":"2022-11-11T13:46:26","slug":"contact","status":"publish","type":"page","link":"https:\/\/dynosort.fberg.tuke.sk\/index.php\/contact\/","title":{"rendered":"CONTACT"},"content":{"rendered":"\n<p><strong>Technical University of Ko\u0161ice<\/strong><br><em>Faculty of Mining, Ecology, Process Control and Geotechnologies<\/em><br>phone: \u00a0+421\u00a055\u00a0602\u00a02958<br>e-mail:\u00a0<a href=\"mailto:martin.sisol@tuke.sk\">martin.sisol@tuke.sk<\/a>\u00a0\u2013 project coordinator<br>e-mail:\u00a0<a href=\"mailto:igor.duriska@tuke.sk\">igor.duriska@tuke.sk<\/a>\u00a0\u2013 project manager<br>e-mail:\u00a0<a href=\"https:\/\/zoznam.tuke.sk\/index.php?lang=SK#\">julius.lisuch@tuke.sk<\/a>\u00a0\u2013 financial manager<\/p>\n\n\n\n<p><strong>DIAMO, st\u00e1tn\u00ed podnik<br><\/strong><em>DIAMO, st\u00e1tn\u00ed podnik, M\u00e1chova 201, 471 27 Str\u00e1\u017e pod Ralskem<\/em><br>phone: +420 487 892 017<br>e-mail: <a href=\"mailto:pasek@diamo.cz\" target=\"_blank\" rel=\"noreferrer noopener\">pasek@diamo.cz<\/a><br>e-mail: <a href=\"mailto:dostalovab@diamo.cz\" target=\"_blank\" rel=\"noreferrer noopener\">dostalovab@diamo.cz<\/a><br><\/p>\n\n\n\n<p><strong>Comex Polska Sp. z o.o.<br><\/strong><em>ul. Kamienskiego 51, 30-644 Krakow Poland<br><\/em>phone: +48 12 25 51 423<br>e-mail: <a href=\"mailto:jacek.kolacz@comex-group.com\" target=\"_blank\" rel=\"noreferrer noopener\">jacek.kolacz@comex-group.com<\/a><br>e-mail: <a href=\"mailto:jakub.p@comex-group.com\" target=\"_blank\" rel=\"noreferrer noopener\">jakub.p@comex-group.com<\/a><\/p>\n\n\n\n<p><strong>TheiaX GmbH<br><\/strong><em>Chemnitzer Str. 40, 09599, Freiberg, Germany<br><\/em>phone: +49 373 137 738 91<br>e-mail: <a href=\"mailto:c.christesen@theiax.de\" target=\"_blank\" rel=\"noreferrer noopener\">c.christesen@theiax.de<\/a><br>e-mail: <a href=\"mailto:l.tusa@theiax.de\" target=\"_blank\" rel=\"noreferrer noopener\">l.tusa@theiax.de<\/a><\/p>\n\n\n\n<p><strong>Helmholtz Institute Freiberg for Resource Technology (HIF)<br><\/strong>Helmholtz-Zentrum Dresden-Rossendorf (HZDR)<br><em>Chemnitzer Str. 40 | 09599 Freiberg | Germany<br><\/em>phone: +49 (0) 351 260-4427<br>e-mail: <a href=\"mailto:j.engelhardt@hzdr.de\" target=\"_blank\" rel=\"noreferrer noopener\">j.engelhardt@hzdr.de<\/a><\/p>\n","protected":false},"excerpt":{"rendered":"<p>Technical University of Ko\u0161iceFaculty of Mining, Ecology, Process Control and Geotechnologiesphone: \u00a0+421\u00a055\u00a0602\u00a02958e-mail:\u00a0martin.sisol@tuke.sk\u00a0\u2013 project coordinatore-mail:\u00a0igor.duriska@tuke.sk\u00a0\u2013 project managere-mail:\u00a0julius.lisuch@tuke.sk\u00a0\u2013 financial manager DIAMO, st\u00e1tn\u00ed podnikDIAMO, st\u00e1tn\u00ed podnik, M\u00e1chova 201, 471 27 Str\u00e1\u017e pod Ralskemphone: +420 487 892 017e-mail: pasek@diamo.cze-mail: dostalovab@diamo.cz Comex Polska Sp. z o.o.ul. Kamienskiego 51, 30-644 Krakow Polandphone: +48 12 25 51&#8230;<\/p>\n","protected":false},"author":1,"featured_media":0,"parent":0,"menu_order":0,"comment_status":"closed","ping_status":"closed","template":"","meta":{"footnotes":""},"class_list":["post-36","page","type-page","status-publish","hentry"],"_links":{"self":[{"href":"https:\/\/dynosort.fberg.tuke.sk\/index.php\/wp-json\/wp\/v2\/pages\/36","targetHints":{"allow":["GET"]}}],"collection":[{"href":"https:\/\/dynosort.fberg.tuke.sk\/index.php\/wp-json\/wp\/v2\/pages"}],"about":[{"href":"https:\/\/dynosort.fberg.tuke.sk\/index.php\/wp-json\/wp\/v2\/types\/page"}],"author":[{"embeddable":true,"href":"https:\/\/dynosort.fberg.tuke.sk\/index.php\/wp-json\/wp\/v2\/users\/1"}],"replies":[{"embeddable":true,"href":"https:\/\/dynosort.fberg.tuke.sk\/index.php\/wp-json\/wp\/v2\/comments?post=36"}],"version-history":[{"count":6,"href":"https:\/\/dynosort.fberg.tuke.sk\/index.php\/wp-json\/wp\/v2\/pages\/36\/revisions"}],"predecessor-version":[{"id":44,"href":"https:\/\/dynosort.fberg.tuke.sk\/index.php\/wp-json\/wp\/v2\/pages\/36\/revisions\/44"}],"wp:attachment":[{"href":"https:\/\/dynosort.fberg.tuke.sk\/index.php\/wp-json\/wp\/v2\/media?parent=36"}],"curies":[{"name":"wp","href":"https:\/\/api.w.org\/{rel}","templated":true}]}}